{"id":57,"date":"2022-01-28T05:33:06","date_gmt":"2022-01-28T05:33:06","guid":{"rendered":"https:\/\/spaciograficohn.com\/recursosingles\/?page_id=57"},"modified":"2022-01-28T05:33:06","modified_gmt":"2022-01-28T05:33:06","slug":"inscribirse","status":"publish","type":"page","link":"https:\/\/spaciograficohn.com\/recursosingles\/inscribirse\/","title":{"rendered":"Inscribirse"},"content":{"rendered":"<p>Ediciones Spaciogr\u00e1fico remite en sus libros de texto los usuario y contrase\u00f1a a utilizar. Cualquier consulta o necesidad de informaci\u00f3n puede enviar email a: <a href=\"mailto:webmaster@spaciograficohn.com\">webmaster@spaciograficohn.com<\/a>.<\/p>\n","protected":false},"excerpt":{"rendered":"<p>Ediciones Spaciogr\u00e1fico remite en sus libros de texto los usuario y contrase\u00f1a a utilizar. Cualquier consulta o necesidad de informaci\u00f3n puede enviar email a: webmaster@spaciograficohn.com.<\/p>\n","protected":false},"author":1,"featured_media":0,"parent":0,"menu_order":0,"comment_status":"closed","ping_status":"closed","template":"","meta":{"footnotes":""},"class_list":["post-57","page","type-page","status-publish","hentry","entry"],"yoast_head":"<!-- This site is optimized with the Yoast SEO plugin v26.9 - https:\/\/yoast.com\/product\/yoast-seo-wordpress\/ -->\n<title>Inscribirse - Recursos para Ingles<\/title>\n<meta name=\"robots\" content=\"index, follow, max-snippet:-1, max-image-preview:large, max-video-preview:-1\" \/>\n<link rel=\"canonical\" href=\"https:\/\/spaciograficohn.com\/recursosingles\/inscribirse\/\" \/>\n<meta property=\"og:locale\" content=\"es_ES\" \/>\n<meta property=\"og:type\" content=\"article\" \/>\n<meta property=\"og:title\" content=\"Inscribirse - Recursos para Ingles\" \/>\n<meta property=\"og:description\" content=\"Ediciones Spaciogr\u00e1fico remite en sus libros de texto los usuario y contrase\u00f1a a utilizar. Cualquier consulta o necesidad de informaci\u00f3n puede enviar email a: webmaster@spaciograficohn.com.\" \/>\n<meta property=\"og:url\" content=\"https:\/\/spaciograficohn.com\/recursosingles\/inscribirse\/\" \/>\n<meta property=\"og:site_name\" content=\"Recursos para Ingles\" \/>\n<meta name=\"twitter:card\" content=\"summary_large_image\" \/>\n<script type=\"application\/ld+json\" class=\"yoast-schema-graph\">{\"@context\":\"https:\/\/schema.org\",\"@graph\":[{\"@type\":\"WebPage\",\"@id\":\"https:\/\/spaciograficohn.com\/recursosingles\/inscribirse\/\",\"url\":\"https:\/\/spaciograficohn.com\/recursosingles\/inscribirse\/\",\"name\":\"Inscribirse - Recursos para Ingles\",\"isPartOf\":{\"@id\":\"https:\/\/spaciograficohn.com\/recursosingles\/#website\"},\"datePublished\":\"2022-01-28T05:33:06+00:00\",\"breadcrumb\":{\"@id\":\"https:\/\/spaciograficohn.com\/recursosingles\/inscribirse\/#breadcrumb\"},\"inLanguage\":\"es\",\"potentialAction\":[{\"@type\":\"ReadAction\",\"target\":[\"https:\/\/spaciograficohn.com\/recursosingles\/inscribirse\/\"]}]},{\"@type\":\"BreadcrumbList\",\"@id\":\"https:\/\/spaciograficohn.com\/recursosingles\/inscribirse\/#breadcrumb\",\"itemListElement\":[{\"@type\":\"ListItem\",\"position\":1,\"name\":\"Home\",\"item\":\"https:\/\/spaciograficohn.com\/recursosingles\/\"},{\"@type\":\"ListItem\",\"position\":2,\"name\":\"Inscribirse\"}]},{\"@type\":\"WebSite\",\"@id\":\"https:\/\/spaciograficohn.com\/recursosingles\/#website\",\"url\":\"https:\/\/spaciograficohn.com\/recursosingles\/\",\"name\":\"Recursos para Ingles\",\"description\":\"Editorial Spacio Gr\u00e1fico\",\"potentialAction\":[{\"@type\":\"SearchAction\",\"target\":{\"@type\":\"EntryPoint\",\"urlTemplate\":\"https:\/\/spaciograficohn.com\/recursosingles\/?s={search_term_string}\"},\"query-input\":{\"@type\":\"PropertyValueSpecification\",\"valueRequired\":true,\"valueName\":\"search_term_string\"}}],\"inLanguage\":\"es\"}]}<\/script>\n<!-- \/ Yoast SEO plugin. -->","yoast_head_json":{"title":"Inscribirse - Recursos para Ingles","robots":{"index":"index","follow":"follow","max-snippet":"max-snippet:-1","max-image-preview":"max-image-preview:large","max-video-preview":"max-video-preview:-1"},"canonical":"https:\/\/spaciograficohn.com\/recursosingles\/inscribirse\/","og_locale":"es_ES","og_type":"article","og_title":"Inscribirse - Recursos para Ingles","og_description":"Ediciones Spaciogr\u00e1fico remite en sus libros de texto los usuario y contrase\u00f1a a utilizar. Cualquier consulta o necesidad de informaci\u00f3n puede enviar email a: webmaster@spaciograficohn.com.","og_url":"https:\/\/spaciograficohn.com\/recursosingles\/inscribirse\/","og_site_name":"Recursos para Ingles","twitter_card":"summary_large_image","schema":{"@context":"https:\/\/schema.org","@graph":[{"@type":"WebPage","@id":"https:\/\/spaciograficohn.com\/recursosingles\/inscribirse\/","url":"https:\/\/spaciograficohn.com\/recursosingles\/inscribirse\/","name":"Inscribirse - Recursos para Ingles","isPartOf":{"@id":"https:\/\/spaciograficohn.com\/recursosingles\/#website"},"datePublished":"2022-01-28T05:33:06+00:00","breadcrumb":{"@id":"https:\/\/spaciograficohn.com\/recursosingles\/inscribirse\/#breadcrumb"},"inLanguage":"es","potentialAction":[{"@type":"ReadAction","target":["https:\/\/spaciograficohn.com\/recursosingles\/inscribirse\/"]}]},{"@type":"BreadcrumbList","@id":"https:\/\/spaciograficohn.com\/recursosingles\/inscribirse\/#breadcrumb","itemListElement":[{"@type":"ListItem","position":1,"name":"Home","item":"https:\/\/spaciograficohn.com\/recursosingles\/"},{"@type":"ListItem","position":2,"name":"Inscribirse"}]},{"@type":"WebSite","@id":"https:\/\/spaciograficohn.com\/recursosingles\/#website","url":"https:\/\/spaciograficohn.com\/recursosingles\/","name":"Recursos para Ingles","description":"Editorial Spacio Gr\u00e1fico","potentialAction":[{"@type":"SearchAction","target":{"@type":"EntryPoint","urlTemplate":"https:\/\/spaciograficohn.com\/recursosingles\/?s={search_term_string}"},"query-input":{"@type":"PropertyValueSpecification","valueRequired":true,"valueName":"search_term_string"}}],"inLanguage":"es"}]}},"jetpack_sharing_enabled":true,"_links":{"self":[{"href":"https:\/\/spaciograficohn.com\/recursosingles\/wp-json\/wp\/v2\/pages\/57","targetHints":{"allow":["GET"]}}],"collection":[{"href":"https:\/\/spaciograficohn.com\/recursosingles\/wp-json\/wp\/v2\/pages"}],"about":[{"href":"https:\/\/spaciograficohn.com\/recursosingles\/wp-json\/wp\/v2\/types\/page"}],"author":[{"embeddable":true,"href":"https:\/\/spaciograficohn.com\/recursosingles\/wp-json\/wp\/v2\/users\/1"}],"replies":[{"embeddable":true,"href":"https:\/\/spaciograficohn.com\/recursosingles\/wp-json\/wp\/v2\/comments?post=57"}],"version-history":[{"count":1,"href":"https:\/\/spaciograficohn.com\/recursosingles\/wp-json\/wp\/v2\/pages\/57\/revisions"}],"predecessor-version":[{"id":58,"href":"https:\/\/spaciograficohn.com\/recursosingles\/wp-json\/wp\/v2\/pages\/57\/revisions\/58"}],"wp:attachment":[{"href":"https:\/\/spaciograficohn.com\/recursosingles\/wp-json\/wp\/v2\/media?parent=57"}],"curies":[{"name":"wp","href":"https:\/\/api.w.org\/{rel}","templated":true}]}}