{"id":547,"date":"2022-03-10T02:02:59","date_gmt":"2022-03-10T02:02:59","guid":{"rendered":"https:\/\/spaciograficohn.com\/sitio2021\/?page_id=547"},"modified":"2022-03-10T02:34:21","modified_gmt":"2022-03-10T02:34:21","slug":"recursos","status":"publish","type":"page","link":"https:\/\/spaciograficohn.com\/sitio2021\/recursos\/","title":{"rendered":"Recursos"},"content":{"rendered":"\n<div id=\"wp-block-themeisle-blocks-advanced-columns-3c858e48\" class=\"wp-block-themeisle-blocks-advanced-columns alignfull has-1-columns has-desktop-equal-layout has-tablet-equal-layout has-mobile-equal-layout has-vertical-unset\"><div class=\"wp-block-themeisle-blocks-advanced-columns-overlay\"><\/div><div class=\"innerblocks-wrap\">\n<div id=\"wp-block-themeisle-blocks-advanced-column-ee4731d8\" class=\"wp-block-themeisle-blocks-advanced-column\">\n<div style=\"height:30px\" aria-hidden=\"true\" class=\"wp-block-spacer\"><\/div>\n\n\n\n<h1 class=\"has-text-align-left has-nv-text-dark-bg-color has-text-color wp-block-heading\">Siempre de la Mano con la Educaci\u00f3n  <\/h1>\n<\/div>\n<\/div><\/div>\n\n\n\n<div id=\"wp-block-themeisle-blocks-advanced-columns-deb59dba\" class=\"wp-block-themeisle-blocks-advanced-columns alignfull has-2-columns has-desktop-equal-layout has-tablet-equal-layout has-mobile-collapsedRows-layout has-vertical-center\"><div class=\"wp-block-themeisle-blocks-advanced-columns-overlay\"><\/div><div class=\"innerblocks-wrap\">\n<div id=\"wp-block-themeisle-blocks-advanced-column-d47bc1f4\" class=\"wp-block-themeisle-blocks-advanced-column\">\n<h2 id=\"wp-block-themeisle-blocks-advanced-heading-6d5901f7\" class=\"wp-block-themeisle-blocks-advanced-heading wp-block-themeisle-blocks-advanced-heading-6d5901f7\">Aula Virtual v2  <\/h2>\n\n\n\n<p>Ediciones e Impresiones Spacio Gr\u00e1fico, presenta la nueva versi\u00f3n de nuestra plataforma de Acompa\u00f1amiento, en la cual atenderemos los centros educativos del calendario acad\u00e9mico de Febrero a Noviembre<\/p>\n\n\n\n<p>Impartimos capacitaci\u00f3n sobre la usabilidad de nuestra plataforma, as\u00ed como el soporte durante todo el a\u00f1o escolar.<\/p>\n\n\n\n<div style=\"height:20px\" aria-hidden=\"true\" class=\"wp-block-spacer\"><\/div>\n\n\n\n<div id=\"wp-block-themeisle-blocks-button-group-23c76b35\" class=\"wp-block-themeisle-blocks-button-group wp-block-buttons align-left\">\n<div id=\"wp-block-themeisle-blocks-button-f3344e28\" class=\"wp-block-themeisle-blocks-button wp-block-button\"><a href=\"https:\/\/eduspacio.com\" target=\"_self\" rel=\"noopener noreferrer\" class=\"wp-block-button__link\"><span>Ir al Aula Virtula v2<\/span><\/a><\/div>\n<\/div>\n<\/div>\n\n\n\n<div id=\"wp-block-themeisle-blocks-advanced-column-ce1c7786\" class=\"wp-block-themeisle-blocks-advanced-column\">\n<figure class=\"wp-block-image size-large\"><img loading=\"lazy\" decoding=\"async\" width=\"1024\" height=\"497\" src=\"https:\/\/spaciograficohn.com\/sitio2021\/wp-content\/uploads\/2022\/03\/imagen_2022-03-09_191435-1024x497.png\" alt=\"\" class=\"wp-image-549\" srcset=\"https:\/\/spaciograficohn.com\/sitio2021\/wp-content\/uploads\/2022\/03\/imagen_2022-03-09_191435-1024x497.png 1024w, https:\/\/spaciograficohn.com\/sitio2021\/wp-content\/uploads\/2022\/03\/imagen_2022-03-09_191435-300x145.png 300w, https:\/\/spaciograficohn.com\/sitio2021\/wp-content\/uploads\/2022\/03\/imagen_2022-03-09_191435-768x372.png 768w, https:\/\/spaciograficohn.com\/sitio2021\/wp-content\/uploads\/2022\/03\/imagen_2022-03-09_191435-1536x745.png 1536w, https:\/\/spaciograficohn.com\/sitio2021\/wp-content\/uploads\/2022\/03\/imagen_2022-03-09_191435.png 1887w\" sizes=\"auto, (max-width: 1024px) 100vw, 1024px\" \/><\/figure>\n<\/div>\n<\/div><\/div>\n\n\n\n<div id=\"wp-block-themeisle-blocks-advanced-columns-5f320448\" class=\"wp-block-themeisle-blocks-advanced-columns alignfull has-2-columns has-desktop-equal-layout has-tablet-equal-layout has-mobile-collapsedRows-layout has-vertical-center\"><div class=\"wp-block-themeisle-blocks-advanced-columns-overlay\"><\/div><div class=\"innerblocks-wrap\">\n<div id=\"wp-block-themeisle-blocks-advanced-column-ad841e52\" class=\"wp-block-themeisle-blocks-advanced-column\">\n<h2 id=\"wp-block-themeisle-blocks-advanced-heading-0ffec9a4\" class=\"wp-block-themeisle-blocks-advanced-heading wp-block-themeisle-blocks-advanced-heading-0ffec9a4\">Aula Virtual Biling\u00fce  <\/h2>\n\n\n\n<p>Contamos con un entorno privado para los centros educativos Biling\u00fces.<\/p>\n\n\n\n<p>En el presente periodo escolar se continuar\u00e1 utilizando el tema de acceso. <\/p>\n\n\n\n<div style=\"height:20px\" aria-hidden=\"true\" class=\"wp-block-spacer\"><\/div>\n\n\n\n<div id=\"wp-block-themeisle-blocks-button-group-cea68363\" class=\"wp-block-themeisle-blocks-button-group wp-block-buttons align-left\">\n<div id=\"wp-block-themeisle-blocks-button-f687d981\" class=\"wp-block-themeisle-blocks-button wp-block-button\"><a href=\"http:\/\/lms.spaciograficohn.com\/moodle\/login\/index.php\" target=\"_self\" rel=\"noopener noreferrer\" class=\"wp-block-button__link\"><span>Ir al Aula Virtula Biling\u00fce<\/span><\/a><\/div>\n<\/div>\n<\/div>\n\n\n\n<div id=\"wp-block-themeisle-blocks-advanced-column-b729524b\" class=\"wp-block-themeisle-blocks-advanced-column\">\n<figure class=\"wp-block-image size-large\"><img loading=\"lazy\" decoding=\"async\" width=\"1024\" height=\"622\" src=\"https:\/\/spaciograficohn.com\/sitio2021\/wp-content\/uploads\/2022\/03\/imagen_2022-03-09_200233-1024x622.png\" alt=\"\" class=\"wp-image-550\" srcset=\"https:\/\/spaciograficohn.com\/sitio2021\/wp-content\/uploads\/2022\/03\/imagen_2022-03-09_200233-1024x622.png 1024w, https:\/\/spaciograficohn.com\/sitio2021\/wp-content\/uploads\/2022\/03\/imagen_2022-03-09_200233-300x182.png 300w, https:\/\/spaciograficohn.com\/sitio2021\/wp-content\/uploads\/2022\/03\/imagen_2022-03-09_200233-768x466.png 768w, https:\/\/spaciograficohn.com\/sitio2021\/wp-content\/uploads\/2022\/03\/imagen_2022-03-09_200233.png 1451w\" sizes=\"auto, (max-width: 1024px) 100vw, 1024px\" \/><\/figure>\n<\/div>\n<\/div><\/div>\n\n\n\n<div id=\"wp-block-themeisle-blocks-advanced-columns-a302fa9d\" class=\"wp-block-themeisle-blocks-advanced-columns alignfull has-2-columns has-desktop-equal-layout has-tablet-equal-layout has-mobile-collapsedRows-layout has-vertical-center\"><div class=\"wp-block-themeisle-blocks-advanced-columns-overlay\"><\/div><div class=\"innerblocks-wrap\">\n<div id=\"wp-block-themeisle-blocks-advanced-column-72c5c51f\" class=\"wp-block-themeisle-blocks-advanced-column\">\n<h2 id=\"wp-block-themeisle-blocks-advanced-heading-5abe04c3\" class=\"wp-block-themeisle-blocks-advanced-heading wp-block-themeisle-blocks-advanced-heading-5abe04c3\">Recursos Ingles  <\/h2>\n\n\n\n<p>Nuestra serie de Libros English for All, cuentan con una serie de recursos multimedia los cuales se pueden descargar o reproducir en linea.<\/p>\n\n\n\n<p>Ediciones e Impresiones Spacio Gr\u00e1fico siempre a la vanguardia en el acompa\u00f1amiento del proceso educativo con los educandos. <\/p>\n\n\n\n<div style=\"height:20px\" aria-hidden=\"true\" class=\"wp-block-spacer\"><\/div>\n\n\n\n<div id=\"wp-block-themeisle-blocks-button-group-4502e927\" class=\"wp-block-themeisle-blocks-button-group wp-block-buttons align-left\">\n<div id=\"wp-block-themeisle-blocks-button-62298f51\" class=\"wp-block-themeisle-blocks-button wp-block-button\"><a href=\"https:\/\/spaciograficohn.com\/recursosingles\/\" target=\"_self\" rel=\"noopener noreferrer\" class=\"wp-block-button__link\"><span>Ir a Recursos de Ingles<\/span><\/a><\/div>\n<\/div>\n<\/div>\n\n\n\n<div id=\"wp-block-themeisle-blocks-advanced-column-99ec9d78\" class=\"wp-block-themeisle-blocks-advanced-column\">\n<figure class=\"wp-block-image size-large\"><img loading=\"lazy\" decoding=\"async\" width=\"1024\" height=\"663\" src=\"https:\/\/spaciograficohn.com\/sitio2021\/wp-content\/uploads\/2022\/03\/imagen_2022-03-09_201149-1024x663.png\" alt=\"\" class=\"wp-image-553\" srcset=\"https:\/\/spaciograficohn.com\/sitio2021\/wp-content\/uploads\/2022\/03\/imagen_2022-03-09_201149-1024x663.png 1024w, https:\/\/spaciograficohn.com\/sitio2021\/wp-content\/uploads\/2022\/03\/imagen_2022-03-09_201149-300x194.png 300w, https:\/\/spaciograficohn.com\/sitio2021\/wp-content\/uploads\/2022\/03\/imagen_2022-03-09_201149-768x497.png 768w, https:\/\/spaciograficohn.com\/sitio2021\/wp-content\/uploads\/2022\/03\/imagen_2022-03-09_201149.png 1182w\" sizes=\"auto, (max-width: 1024px) 100vw, 1024px\" \/><\/figure>\n<\/div>\n<\/div><\/div>\n\n\n\n<div id=\"wp-block-themeisle-blocks-advanced-columns-df09bc9b\" class=\"wp-block-themeisle-blocks-advanced-columns alignfull has-2-columns has-desktop-equal-layout has-tablet-equal-layout has-mobile-collapsedRows-layout has-vertical-center\"><div class=\"wp-block-themeisle-blocks-advanced-columns-overlay\"><\/div><div class=\"innerblocks-wrap\">\n<div id=\"wp-block-themeisle-blocks-advanced-column-9ef62e39\" class=\"wp-block-themeisle-blocks-advanced-column\">\n<h2 id=\"wp-block-themeisle-blocks-advanced-heading-fca790f3\" class=\"wp-block-themeisle-blocks-advanced-heading wp-block-themeisle-blocks-advanced-heading-fca790f3\">Gu\u00edas Docentes<\/h2>\n\n\n\n<p>Ofrecemos a todos los docentes que laboran con nuestros textos educativos las Gu\u00edas Docentes que les permitir\u00e1n planificar detalladamente sus jornadas educativas.<\/p>\n\n\n\n<p>Solicita a tu asesor comercial el acceso a dicho recurso educativo.<\/p>\n\n\n\n<div id=\"wp-block-themeisle-blocks-button-group-d6022b14\" class=\"wp-block-themeisle-blocks-button-group wp-block-buttons align-left\">\n<div id=\"wp-block-themeisle-blocks-button-b7bd8adf\" class=\"wp-block-themeisle-blocks-button wp-block-button\"><a href=\"http:\/\/lms.spaciograficohn.com\/moodle\/login\/index.php\" target=\"_self\" rel=\"noopener noreferrer\" class=\"wp-block-button__link\"><span>Gu\u00edas Docentes<\/span><\/a><\/div>\n<\/div>\n<\/div>\n\n\n\n<div id=\"wp-block-themeisle-blocks-advanced-column-9aa56c68\" class=\"wp-block-themeisle-blocks-advanced-column\">\n<figure class=\"wp-block-image size-large\"><img loading=\"lazy\" decoding=\"async\" width=\"1024\" height=\"622\" src=\"https:\/\/spaciograficohn.com\/sitio2021\/wp-content\/uploads\/2022\/03\/op2-1024x622.png\" alt=\"\" class=\"wp-image-561\" srcset=\"https:\/\/spaciograficohn.com\/sitio2021\/wp-content\/uploads\/2022\/03\/op2-1024x622.png 1024w, https:\/\/spaciograficohn.com\/sitio2021\/wp-content\/uploads\/2022\/03\/op2-300x182.png 300w, https:\/\/spaciograficohn.com\/sitio2021\/wp-content\/uploads\/2022\/03\/op2-768x466.png 768w, https:\/\/spaciograficohn.com\/sitio2021\/wp-content\/uploads\/2022\/03\/op2.png 1451w\" sizes=\"auto, (max-width: 1024px) 100vw, 1024px\" \/><\/figure>\n<\/div>\n<\/div><\/div>\n\n\n\n<p><\/p>\n","protected":false},"excerpt":{"rendered":"","protected":false},"author":1,"featured_media":0,"parent":0,"menu_order":0,"comment_status":"closed","ping_status":"closed","template":"page-templates\/template-pagebuilder-full-width.php","meta":{"neve_meta_sidebar":"full-width","neve_meta_container":"contained","neve_meta_enable_content_width":"on","neve_meta_content_width":100,"neve_meta_title_alignment":"","neve_meta_author_avatar":"","neve_post_elements_order":"","neve_meta_disable_header":"","neve_meta_disable_footer":"","neve_meta_disable_title":"on","_themeisle_gutenberg_block_has_review":false,"footnotes":""},"class_list":["post-547","page","type-page","status-publish","hentry"],"post_mailing_queue_ids":[],"_links":{"self":[{"href":"https:\/\/spaciograficohn.com\/sitio2021\/wp-json\/wp\/v2\/pages\/547","targetHints":{"allow":["GET"]}}],"collection":[{"href":"https:\/\/spaciograficohn.com\/sitio2021\/wp-json\/wp\/v2\/pages"}],"about":[{"href":"https:\/\/spaciograficohn.com\/sitio2021\/wp-json\/wp\/v2\/types\/page"}],"author":[{"embeddable":true,"href":"https:\/\/spaciograficohn.com\/sitio2021\/wp-json\/wp\/v2\/users\/1"}],"replies":[{"embeddable":true,"href":"https:\/\/spaciograficohn.com\/sitio2021\/wp-json\/wp\/v2\/comments?post=547"}],"version-history":[{"count":5,"href":"https:\/\/spaciograficohn.com\/sitio2021\/wp-json\/wp\/v2\/pages\/547\/revisions"}],"predecessor-version":[{"id":562,"href":"https:\/\/spaciograficohn.com\/sitio2021\/wp-json\/wp\/v2\/pages\/547\/revisions\/562"}],"wp:attachment":[{"href":"https:\/\/spaciograficohn.com\/sitio2021\/wp-json\/wp\/v2\/media?parent=547"}],"curies":[{"name":"wp","href":"https:\/\/api.w.org\/{rel}","templated":true}]}}