{"id":69,"date":"2020-04-04T00:02:49","date_gmt":"2020-04-04T00:02:49","guid":{"rendered":"https:\/\/demosites.io\/consultants-gb\/?page_id=69"},"modified":"2022-11-09T04:37:06","modified_gmt":"2022-11-09T04:37:06","slug":"b34cf-home","status":"publish","type":"page","link":"https:\/\/spaciograficohn.com\/sitio2021\/","title":{"rendered":"Inicio"},"content":{"rendered":"\n<div id=\"wp-block-themeisle-blocks-advanced-columns-b8cac1e0\" class=\"wp-block-themeisle-blocks-advanced-columns alignfull has-1-columns has-desktop-equal-layout has-tablet-equal-layout has-mobile-equal-layout has-vertical-unset\"><div class=\"wp-block-themeisle-blocks-advanced-columns-overlay\"><\/div><div class=\"innerblocks-wrap\">\n<div id=\"wp-block-themeisle-blocks-advanced-column-abedc041\" class=\"wp-block-themeisle-blocks-advanced-column\">\n<span id=\"wp-block-themeisle-blocks-advanced-heading-c804e50b\" class=\"wp-block-themeisle-blocks-advanced-heading wp-block-themeisle-blocks-advanced-heading-c804e50b\"><strong>BIENVENIDOS A NUESTRO SITIO<\/strong><\/span>\n\n\n\n<div style=\"height:20px\" aria-hidden=\"true\" class=\"wp-block-spacer\"><\/div>\n\n\n\n<h1 class=\"has-text-align-center animated slideInUp slow has-nv-text-dark-bg-color has-text-color wp-block-heading\"> De la Mano con HONDURAS por una EDUCACI\u00d3N con CALIDAD<\/h1>\n\n\n\n<div style=\"height:20px\" aria-hidden=\"true\" class=\"wp-block-spacer\"><\/div>\n<\/div>\n<\/div><\/div>\n\n\n\n<div id=\"wp-block-themeisle-blocks-advanced-columns-3ecef01e\" class=\"wp-block-themeisle-blocks-advanced-columns alignfull has-1-columns has-desktop-equal-layout has-tablet-equal-layout has-mobile-equal-layout has-vertical-unset\"><div class=\"wp-block-themeisle-blocks-advanced-columns-overlay\"><\/div><div class=\"innerblocks-wrap\">\n<div id=\"wp-block-themeisle-blocks-advanced-column-2a1cc73c\" class=\"wp-block-themeisle-blocks-advanced-column\">\n<span id=\"wp-block-themeisle-blocks-advanced-heading-b0f9dea5\" class=\"wp-block-themeisle-blocks-advanced-heading wp-block-themeisle-blocks-advanced-heading-b0f9dea5\"><strong>MATERIAL EDUCATIVO PARA TODOS<\/strong><\/span>\n\n\n\n<div style=\"height:20px\" aria-hidden=\"true\" class=\"wp-block-spacer\"><\/div>\n\n\n\n<h2 id=\"wp-block-themeisle-blocks-advanced-heading-8ba74c0a\" class=\"wp-block-themeisle-blocks-advanced-heading wp-block-themeisle-blocks-advanced-heading-8ba74c0a\">Libros Educativos<\/h2>\n\n\n\n<p class=\"has-text-align-center has-neve-text-color-color has-text-color\"> Ofrecemos a los Centros Educativos de nuestro pa\u00eds, una amplia gama de Material Educativo para todos los Niveles de nuestra estructura formal de educaci\u00f3n. <\/p>\n\n\n\n<hr class=\"wp-block-separator has-text-color has-background has-neve-text-color-background-color has-neve-text-color-color\"\/>\n<\/div>\n<\/div><\/div>\n\n\n\n<div id=\"wp-block-themeisle-blocks-advanced-columns-5a0064ef\" class=\"wp-block-themeisle-blocks-advanced-columns alignfull has-3-columns has-desktop-equal-layout has-tablet-equal-layout has-mobile-collapsedRows-layout has-vertical-unset\"><div class=\"wp-block-themeisle-blocks-advanced-columns-overlay\"><\/div><div class=\"innerblocks-wrap\">\n<div id=\"wp-block-themeisle-blocks-advanced-column-ef9ac70b\" class=\"wp-block-themeisle-blocks-advanced-column\">\n<div class=\"wp-block-themeisle-blocks-service\">\n<div id=\"wp-block-themeisle-blocks-font-awesome-icons-cf662083\" class=\"wp-block-themeisle-blocks-font-awesome-icons\"><span class=\"wp-block-themeisle-blocks-font-awesome-icons-container\"><i class=\"fas fa-book-open\"><\/i><\/span><\/div>\n\n\n\n<h4 id=\"wp-block-themeisle-blocks-advanced-heading-9e93df6c\" class=\"wp-block-themeisle-blocks-advanced-heading wp-block-themeisle-blocks-advanced-heading-9e93df6c\"> Preb\u00e1sica<\/h4>\n\n\n\n<p class=\"has-text-align-center\"> Proporcionamos libros educativos para los m\u00e1s peque\u00f1os. Los cuales puedes encontrarlos en Espa\u00f1ol e Ingl\u00e9s. <\/p>\n<\/div>\n<\/div>\n\n\n\n<div id=\"wp-block-themeisle-blocks-advanced-column-aa4ee1e7\" class=\"wp-block-themeisle-blocks-advanced-column\">\n<div id=\"wp-block-themeisle-blocks-font-awesome-icons-a01d7390\" class=\"wp-block-themeisle-blocks-font-awesome-icons\"><span class=\"wp-block-themeisle-blocks-font-awesome-icons-container\"><i class=\"fas fa-book-reader\"><\/i><\/span><\/div>\n\n\n\n<h4 id=\"wp-block-themeisle-blocks-advanced-heading-dfb39005\" class=\"wp-block-themeisle-blocks-advanced-heading wp-block-themeisle-blocks-advanced-heading-dfb39005\">  B\u00e1sica<\/h4>\n\n\n\n<p class=\"has-text-align-center\"> Para toda la estructura educativa que se requiere en el Nivel B\u00e1sico, contamos con toda la cobertura e incluso material extra de apoyo.<\/p>\n<\/div>\n\n\n\n<div id=\"wp-block-themeisle-blocks-advanced-column-6c542091\" class=\"wp-block-themeisle-blocks-advanced-column\">\n<div id=\"wp-block-themeisle-blocks-font-awesome-icons-d3f67439\" class=\"wp-block-themeisle-blocks-font-awesome-icons\"><span class=\"wp-block-themeisle-blocks-font-awesome-icons-container\"><i class=\"fas fa-book\"><\/i><\/span><\/div>\n\n\n\n<h4 id=\"wp-block-themeisle-blocks-advanced-heading-0c83c7e7\" class=\"wp-block-themeisle-blocks-advanced-heading wp-block-themeisle-blocks-advanced-heading-0c83c7e7\">  Media<\/h4>\n\n\n\n<p class=\"has-text-align-center\"> Contamos con todos los libros necesarios para la formaci\u00f3n de los educandos en BCH y BTP.<\/p>\n<\/div>\n<\/div><\/div>\n\n\n\n<div id=\"wp-block-themeisle-blocks-advanced-columns-e1e80b8b\" class=\"wp-block-themeisle-blocks-advanced-columns alignfull has-2-columns has-desktop-equal-layout has-tablet-equal-layout has-mobile-collapsedRows-layout has-vertical-unset\"><div class=\"wp-block-themeisle-blocks-advanced-columns-overlay\"><\/div><div class=\"innerblocks-wrap\">\n<div id=\"wp-block-themeisle-blocks-advanced-column-9a8b936f\" class=\"wp-block-themeisle-blocks-advanced-column\">\n<h2 id=\"wp-block-themeisle-blocks-advanced-heading-b64eb0d9\" class=\"wp-block-themeisle-blocks-advanced-heading wp-block-themeisle-blocks-advanced-heading-b64eb0d9\">Visita nuestro Cat\u00e1logo Digital  <\/h2>\n\n\n\n<p>Te invitamos a que visites nuestro cat\u00e1logo digital, donde encontraras los diferentes libros de textos que ofrecemos.<\/p>\n\n\n\n<p>Puedes realizar una visualizaci\u00f3n previa de los contenidos de nuestros libros o contactarnos para que un Asesor de Ventas pueda visitarte. <\/p>\n\n\n\n<div style=\"height:1px\" aria-hidden=\"true\" class=\"wp-block-spacer\"><\/div>\n\n\n\n<div id=\"wp-block-themeisle-blocks-button-group-7c678d18\" class=\"wp-block-themeisle-blocks-button-group wp-block-buttons align-left\">\n<div id=\"wp-block-themeisle-blocks-button-69a333b5\" class=\"wp-block-themeisle-blocks-button wp-block-button\"><a href=\"https:\/\/catalogo.spaciograficohn.com\/cat21_22\/\" target=\"_blank\" rel=\"noopener noreferrer\" class=\"wp-block-button__link\"><span>CAT\u00c1LOGO DIGITAL<\/span><\/a><\/div>\n<\/div>\n<\/div>\n\n\n\n<div id=\"wp-block-themeisle-blocks-advanced-column-cd5cc1d0\" class=\"wp-block-themeisle-blocks-advanced-column\">\n<div style=\"height:450px\" aria-hidden=\"true\" class=\"wp-block-spacer\"><\/div>\n<\/div>\n<\/div><\/div>\n\n\n\n<div id=\"wp-block-themeisle-blocks-advanced-columns-6a1ad2d0\" class=\"wp-block-themeisle-blocks-advanced-columns alignfull has-3-columns has-desktop-equal-layout has-tablet-equal-layout has-mobile-collapsedRows-layout has-vertical-unset\"><div class=\"wp-block-themeisle-blocks-advanced-columns-overlay\"><\/div><div class=\"innerblocks-wrap\">\n<div id=\"wp-block-themeisle-blocks-advanced-column-894279dd\" class=\"wp-block-themeisle-blocks-advanced-column\">\n<h1 id=\"wp-block-themeisle-blocks-advanced-heading-2433c0ba\" class=\"wp-block-themeisle-blocks-advanced-heading wp-block-themeisle-blocks-advanced-heading-2433c0ba\"> 21 <\/h1>\n\n\n\n<h4 id=\"wp-block-themeisle-blocks-advanced-heading-b8d12ad7\" class=\"wp-block-themeisle-blocks-advanced-heading wp-block-themeisle-blocks-advanced-heading-b8d12ad7\"> <strong>A\u00d1OS DE EXPERIENCIA<\/strong> <\/h4>\n<\/div>\n\n\n\n<div id=\"wp-block-themeisle-blocks-advanced-column-74f7588b\" class=\"wp-block-themeisle-blocks-advanced-column\">\n<h1 id=\"wp-block-themeisle-blocks-advanced-heading-391a4430\" class=\"wp-block-themeisle-blocks-advanced-heading wp-block-themeisle-blocks-advanced-heading-391a4430\">18<\/h1>\n\n\n\n<h4 id=\"wp-block-themeisle-blocks-advanced-heading-cc6e637e\" class=\"wp-block-themeisle-blocks-advanced-heading wp-block-themeisle-blocks-advanced-heading-cc6e637e\"><strong>  DEPARTAMENTOS USAN NUESTROS LIBROS  <\/strong><\/h4>\n<\/div>\n\n\n\n<div id=\"wp-block-themeisle-blocks-advanced-column-7f380b3c\" class=\"wp-block-themeisle-blocks-advanced-column\">\n<h1 id=\"wp-block-themeisle-blocks-advanced-heading-0321ceab\" class=\"wp-block-themeisle-blocks-advanced-heading wp-block-themeisle-blocks-advanced-heading-0321ceab\">+150<\/h1>\n\n\n\n<h4 id=\"wp-block-themeisle-blocks-advanced-heading-fe6a2428\" class=\"wp-block-themeisle-blocks-advanced-heading wp-block-themeisle-blocks-advanced-heading-fe6a2428\"> <strong>LIBROS EDUCATIVOS <\/strong><\/h4>\n<\/div>\n<\/div><\/div>\n\n\n\n<div id=\"wp-block-themeisle-blocks-advanced-columns-bf04c9d1\" class=\"wp-block-themeisle-blocks-advanced-columns alignfull has-2-columns has-desktop-equal-layout has-tablet-equal-layout has-mobile-collapsedRows-layout has-vertical-unset\"><div class=\"wp-block-themeisle-blocks-advanced-columns-overlay\"><\/div><div class=\"innerblocks-wrap\">\n<div id=\"wp-block-themeisle-blocks-advanced-column-5255ab44\" class=\"wp-block-themeisle-blocks-advanced-column\">\n<figure class=\"wp-block-image size-full\"><img loading=\"lazy\" decoding=\"async\" width=\"748\" height=\"467\" src=\"https:\/\/spaciograficohn.com\/sitio2021\/wp-content\/uploads\/2021\/08\/cap_doc_zoom.jpg\" alt=\"\" class=\"wp-image-329\" srcset=\"https:\/\/spaciograficohn.com\/sitio2021\/wp-content\/uploads\/2021\/08\/cap_doc_zoom.jpg 748w, https:\/\/spaciograficohn.com\/sitio2021\/wp-content\/uploads\/2021\/08\/cap_doc_zoom-300x187.jpg 300w\" sizes=\"auto, (max-width: 748px) 100vw, 748px\" \/><\/figure>\n<\/div>\n\n\n\n<div id=\"wp-block-themeisle-blocks-advanced-column-1e58fdfa\" class=\"wp-block-themeisle-blocks-advanced-column\">\n<h2 id=\"wp-block-themeisle-blocks-advanced-heading-009d2516\" class=\"wp-block-themeisle-blocks-advanced-heading wp-block-themeisle-blocks-advanced-heading-009d2516\">Acompa\u00f1amiento <\/h2>\n\n\n\n<p>No solo ofrecemos a los centros educativos material educativo de alta calidad para que los educandos aprendan las competencias necesarias en su a\u00f1o lectivo.<\/p>\n\n\n\n<p>Sino que los acompa\u00f1amos en el proceso educativo, por medio de nuestros recursos digitales (Plataforma), capacitaci\u00f3n docente, apoyo con escuelas para padres y una amplia gama de servicios de apoyo hacia nuestros clientes.<\/p>\n<\/div>\n<\/div><\/div>\n\n\n\n<div id=\"wp-block-themeisle-blocks-advanced-columns-56e6a598\" class=\"wp-block-themeisle-blocks-advanced-columns alignfull has-1-columns has-desktop-equal-layout has-tablet-equal-layout has-mobile-equal-layout has-vertical-unset\"><div class=\"wp-block-themeisle-blocks-advanced-columns-overlay\"><\/div><div class=\"innerblocks-wrap\">\n<div id=\"wp-block-themeisle-blocks-advanced-column-a1680bf6\" class=\"wp-block-themeisle-blocks-advanced-column\">\n<h2 id=\"wp-block-themeisle-blocks-advanced-heading-ee6014ff\" class=\"wp-block-themeisle-blocks-advanced-heading wp-block-themeisle-blocks-advanced-heading-ee6014ff\">Lo que otros dicen de nosotros&#8230;<\/h2>\n<\/div>\n<\/div><\/div>\n\n\n\n<div id=\"wp-block-themeisle-blocks-advanced-columns-640376e0\" class=\"wp-block-themeisle-blocks-advanced-columns alignfull has-3-columns has-desktop-equal-layout has-tablet-equal-layout has-mobile-collapsedRows-layout has-vertical-unset\"><div class=\"wp-block-themeisle-blocks-advanced-columns-overlay\"><\/div><div class=\"innerblocks-wrap\">\n<div id=\"wp-block-themeisle-blocks-advanced-column-6debb6d9\" class=\"wp-block-themeisle-blocks-advanced-column\">\n<div id=\"wp-block-themeisle-blocks-button-group-2c795a5b\" class=\"wp-block-themeisle-blocks-button-group wp-block-buttons align-center\">\n<div id=\"wp-block-themeisle-blocks-button-a038b9ff\" class=\"wp-block-themeisle-blocks-button wp-block-button\"><a href=\"\" target=\"_self\" rel=\"noopener noreferrer\" class=\"wp-block-button__link\"><i class=\"fas fa-fw fa-star\"><\/i><\/a><\/div>\n\n\n\n<div id=\"wp-block-themeisle-blocks-button-ff8c20f3\" class=\"wp-block-themeisle-blocks-button wp-block-button\"><a href=\"\" target=\"_self\" rel=\"noopener noreferrer\" class=\"wp-block-button__link\"><i class=\"fas fa-fw fa-star\"><\/i><\/a><\/div>\n\n\n\n<div id=\"wp-block-themeisle-blocks-button-9f695720\" class=\"wp-block-themeisle-blocks-button wp-block-button\"><a href=\"\" target=\"_self\" rel=\"noopener noreferrer\" class=\"wp-block-button__link\"><i class=\"fas fa-fw fa-star\"><\/i><\/a><\/div>\n\n\n\n<div id=\"wp-block-themeisle-blocks-button-f4352db9\" class=\"wp-block-themeisle-blocks-button wp-block-button\"><a href=\"\" target=\"_self\" rel=\"noopener noreferrer\" class=\"wp-block-button__link\"><i class=\"fas fa-fw fa-star\"><\/i><\/a><\/div>\n\n\n\n<div id=\"wp-block-themeisle-blocks-button-199fda9e\" class=\"wp-block-themeisle-blocks-button wp-block-button\"><a href=\"\" target=\"_self\" rel=\"noopener noreferrer\" class=\"wp-block-button__link\"><i class=\"fas fa-fw fa-star\"><\/i><\/a><\/div>\n<\/div>\n\n\n\n<p class=\"has-text-align-center\"> \u00abLos Libros que nos brinda Spacio Gr\u00e1fico son completos en informaci\u00f3n y cumplen con nuestras expectativas, estamos contentos con el material y aprovechamiento de nuestros ni\u00f1os y j\u00f3venes\u00bb <\/p>\n\n\n\n<div class=\"wp-block-image is-style-circle-mask\"><figure class=\"aligncenter size-full\"><img loading=\"lazy\" decoding=\"async\" width=\"96\" height=\"96\" src=\"https:\/\/spaciograficohn.com\/sitio2021\/wp-content\/uploads\/2021\/08\/logoebenezer_96x96.png\" alt=\"\" class=\"wp-image-378\"\/><\/figure><\/div>\n\n\n\n<h4 class=\"has-text-align-center wp-block-heading\">INST. PRIVADO EBEN EZER<\/h4>\n\n\n\n<p class=\"has-text-align-center\" style=\"font-size:14px\">Lic. Belkis Sarah\u00ed Torres<\/p>\n<\/div>\n\n\n\n<div id=\"wp-block-themeisle-blocks-advanced-column-e52f962f\" class=\"wp-block-themeisle-blocks-advanced-column\">\n<div id=\"wp-block-themeisle-blocks-button-group-0baaf4bd\" class=\"wp-block-themeisle-blocks-button-group wp-block-buttons align-center\">\n<div id=\"wp-block-themeisle-blocks-button-1a67d015\" class=\"wp-block-themeisle-blocks-button wp-block-button\"><a href=\"\" target=\"_self\" rel=\"noopener noreferrer\" class=\"wp-block-button__link\"><i class=\"fas fa-fw fa-star\"><\/i><\/a><\/div>\n\n\n\n<div id=\"wp-block-themeisle-blocks-button-534fa098\" class=\"wp-block-themeisle-blocks-button wp-block-button\"><a href=\"\" target=\"_self\" rel=\"noopener noreferrer\" class=\"wp-block-button__link\"><i class=\"fas fa-fw fa-star\"><\/i><\/a><\/div>\n\n\n\n<div id=\"wp-block-themeisle-blocks-button-39878cd6\" class=\"wp-block-themeisle-blocks-button wp-block-button\"><a href=\"\" target=\"_self\" rel=\"noopener noreferrer\" class=\"wp-block-button__link\"><i class=\"fas fa-fw fa-star\"><\/i><\/a><\/div>\n\n\n\n<div id=\"wp-block-themeisle-blocks-button-b9fcd93f\" class=\"wp-block-themeisle-blocks-button wp-block-button\"><a href=\"\" target=\"_self\" rel=\"noopener noreferrer\" class=\"wp-block-button__link\"><i class=\"fas fa-fw fa-star\"><\/i><\/a><\/div>\n\n\n\n<div id=\"wp-block-themeisle-blocks-button-9b8b66f1\" class=\"wp-block-themeisle-blocks-button wp-block-button\"><a href=\"\" target=\"_self\" rel=\"noopener noreferrer\" class=\"wp-block-button__link\"><i class=\"fas fa-fw fa-star\"><\/i><\/a><\/div>\n<\/div>\n\n\n\n<p class=\"has-text-align-center\">\u00abAnte los cambios del entorno tuvimos que aprender a utilizar libros digitales; en este caso de Spacio Gr\u00e1fico. Debo decir que la experiencia fue positiva; son f\u00e1ciles de utilizar ,tienen f\u00e1cil acceso, son pr\u00e1cticos y no se deterioran. Fueron una herramienta \u00fatil que permiti\u00f3 continuar con el proceso de ense\u00f1anza tanto para docentes como alumnos y no es una guerra entre lo f\u00edsico y lo virtual simplemente son dos formas distintas de aprender. Gracias Spacio Gr\u00e1fico.\u00bb<\/p>\n\n\n\n<div class=\"wp-block-image is-style-circle-mask\"><figure class=\"aligncenter size-full\"><img loading=\"lazy\" decoding=\"async\" width=\"103\" height=\"80\" src=\"https:\/\/spaciograficohn.com\/sitio2021\/wp-content\/uploads\/2021\/08\/logocomayagua_103x80.png\" alt=\"\" class=\"wp-image-411\"\/><\/figure><\/div>\n\n\n\n<h4 class=\"has-text-align-center wp-block-heading\">INST. PRIVADO COMAYAGUA<\/h4>\n\n\n\n<p class=\"has-text-align-center\" style=\"font-size:14px\">Lic. Leyla Giselle Fern\u00e1ndez<\/p>\n<\/div>\n\n\n\n<div id=\"wp-block-themeisle-blocks-advanced-column-9779bc60\" class=\"wp-block-themeisle-blocks-advanced-column\">\n<div id=\"wp-block-themeisle-blocks-button-group-b986ea22\" class=\"wp-block-themeisle-blocks-button-group wp-block-buttons align-center\">\n<div id=\"wp-block-themeisle-blocks-button-ee293905\" class=\"wp-block-themeisle-blocks-button wp-block-button\"><a href=\"\" target=\"_self\" rel=\"noopener noreferrer\" class=\"wp-block-button__link\"><i class=\"fas fa-fw fa-star\"><\/i><\/a><\/div>\n\n\n\n<div id=\"wp-block-themeisle-blocks-button-3d749e91\" class=\"wp-block-themeisle-blocks-button wp-block-button\"><a href=\"\" target=\"_self\" rel=\"noopener noreferrer\" class=\"wp-block-button__link\"><i class=\"fas fa-fw fa-star\"><\/i><\/a><\/div>\n\n\n\n<div id=\"wp-block-themeisle-blocks-button-dfcc9e75\" class=\"wp-block-themeisle-blocks-button wp-block-button\"><a href=\"\" target=\"_self\" rel=\"noopener noreferrer\" class=\"wp-block-button__link\"><i class=\"fas fa-fw fa-star\"><\/i><\/a><\/div>\n\n\n\n<div id=\"wp-block-themeisle-blocks-button-de397dcb\" class=\"wp-block-themeisle-blocks-button wp-block-button\"><a href=\"\" target=\"_self\" rel=\"noopener noreferrer\" class=\"wp-block-button__link\"><i class=\"fas fa-fw fa-star\"><\/i><\/a><\/div>\n\n\n\n<div id=\"wp-block-themeisle-blocks-button-4b6aa815\" class=\"wp-block-themeisle-blocks-button wp-block-button\"><a href=\"\" target=\"_self\" rel=\"noopener noreferrer\" class=\"wp-block-button__link\"><i class=\"fas fa-fw fa-star\"><\/i><\/a><\/div>\n<\/div>\n\n\n\n<p class=\"has-text-align-center\">\u00abMe encanta trabajar con Spacio Gr\u00e1fico por estas razones:<br>Los textos est\u00e1n 100% con la maya curricular.<br>Precios c\u00f3modos y<br>Excelente atenci\u00f3n.\u00bb<\/p>\n\n\n\n<p class=\"has-text-align-center\">   <\/p>\n\n\n\n<div class=\"wp-block-image is-style-circle-mask\"><figure class=\"aligncenter size-full\"><img loading=\"lazy\" decoding=\"async\" width=\"102\" height=\"87\" src=\"https:\/\/spaciograficohn.com\/sitio2021\/wp-content\/uploads\/2021\/08\/tsidkenu_102x87.png\" alt=\"\" class=\"wp-image-413\"\/><\/figure><\/div>\n\n\n\n<h4 class=\"has-text-align-center wp-block-heading\">TSIDKENU CHRISTIAN SCHOOL<\/h4>\n\n\n\n<p class=\"has-text-align-center\" style=\"font-size:14px\">Lic. Job Jonatan Calix<\/p>\n<\/div>\n<\/div><\/div>\n\n\n\n<div id=\"wp-block-themeisle-blocks-advanced-columns-a7a0076b\" class=\"wp-block-themeisle-blocks-advanced-columns alignfull has-2-columns has-desktop-equal-layout has-tablet-equal-layout has-mobile-collapsedRows-layout has-vertical-unset\"><div class=\"wp-block-themeisle-blocks-advanced-columns-overlay\"><\/div><div class=\"innerblocks-wrap\">\n<div id=\"wp-block-themeisle-blocks-advanced-column-57232a91\" class=\"wp-block-themeisle-blocks-advanced-column\">\n<h2 id=\"wp-block-themeisle-blocks-advanced-heading-7a54d8f7\" class=\"wp-block-themeisle-blocks-advanced-heading wp-block-themeisle-blocks-advanced-heading-7a54d8f7\">Encu\u00e9ntranos  <\/h2>\n\n\n\n<p>Puedes visitarnos en nuestra oficinas principales en Tegucigalpa.<\/p>\n\n\n\n<p>Anillo Perif\u00e9rico, 200 m antes de la entrada Residencial Venecia.<\/p>\n\n\n\n<div id=\"wp-block-themeisle-blocks-button-group-8d2ec1c2\" class=\"wp-block-themeisle-blocks-button-group wp-block-buttons\">\n<div id=\"wp-block-themeisle-blocks-button-e83d76ab\" class=\"wp-block-themeisle-blocks-button wp-block-button\"><a href=\"https:\/\/www.google.com\/maps\/place\/Editorial+Spacio+Grafico\/@14.04668,-87.1829302,18z\/data=!4m5!3m4!1s0x8f6fbdaca6ff9801:0x7fe65445aa0e57f4!8m2!3d14.0462188!4d-87.183524?hl=es\" target=\"_blank\" rel=\"noopener noreferrer\" class=\"wp-block-button__link\"><i class=\"fas fa-fw fa-map-marker-alt margin-right\"><\/i><span> <strong>Visualizaci\u00f3n en GoogleMap<\/strong> <\/span><\/a><\/div>\n<\/div>\n<\/div>\n\n\n\n<div id=\"wp-block-themeisle-blocks-advanced-column-d172157e\" class=\"wp-block-themeisle-blocks-advanced-column\"><\/div>\n<\/div><\/div>\n\n\n\n<div style=\"height:30px\" aria-hidden=\"true\" class=\"wp-block-spacer\"><\/div>\n\n\n\n<div class=\"wp-block-image\"><figure class=\"aligncenter size-large\"><img loading=\"lazy\" decoding=\"async\" width=\"1024\" height=\"461\" src=\"https:\/\/spaciograficohn.com\/sitio2021\/wp-content\/uploads\/2021\/08\/grupo2_portadalimpia_1080x486-1-1024x461.png\" alt=\"\" class=\"wp-image-472\" srcset=\"https:\/\/spaciograficohn.com\/sitio2021\/wp-content\/uploads\/2021\/08\/grupo2_portadalimpia_1080x486-1-1024x461.png 1024w, https:\/\/spaciograficohn.com\/sitio2021\/wp-content\/uploads\/2021\/08\/grupo2_portadalimpia_1080x486-1-300x135.png 300w, https:\/\/spaciograficohn.com\/sitio2021\/wp-content\/uploads\/2021\/08\/grupo2_portadalimpia_1080x486-1-768x346.png 768w, https:\/\/spaciograficohn.com\/sitio2021\/wp-content\/uploads\/2021\/08\/grupo2_portadalimpia_1080x486-1.png 1080w\" sizes=\"auto, (max-width: 1024px) 100vw, 1024px\" \/><figcaption><strong>Contamos con m\u00e1s de 20 a\u00f1os de Servicio a favor de la EDUCACI\u00d3N DE HONDURAS<\/strong><\/figcaption><\/figure><\/div>\n\n\n\n<div id=\"wp-block-themeisle-blocks-advanced-columns-3c413b84\" class=\"wp-block-themeisle-blocks-advanced-columns alignfull has-2-columns has-desktop-equal-layout has-tablet-equal-layout has-mobile-collapsedRows-layout has-vertical-center\"><div class=\"wp-block-themeisle-blocks-advanced-columns-overlay\"><\/div><div class=\"innerblocks-wrap\">\n<div id=\"wp-block-themeisle-blocks-advanced-column-984a27ca\" class=\"wp-block-themeisle-blocks-advanced-column\">\n<h2 id=\"wp-block-themeisle-blocks-advanced-heading-afb0b709\" class=\"wp-block-themeisle-blocks-advanced-heading wp-block-themeisle-blocks-advanced-heading-afb0b709\">\u00bfNecesitas comunicarte con nosotros? <\/h2>\n\n\n\n<p class=\"has-nv-text-dark-bg-color has-text-color\" style=\"font-size:21px\"> Puedes hacerlo de manera r\u00e1pida, a la velocidad de un clic. <\/p>\n<\/div>\n\n\n\n<div id=\"wp-block-themeisle-blocks-advanced-column-5445e257\" class=\"wp-block-themeisle-blocks-advanced-column\">\n<div id=\"wp-block-themeisle-blocks-button-group-8f4041ad\" class=\"wp-block-themeisle-blocks-button-group wp-block-buttons contact__btn ticss-69e8c2a6\">\n<div id=\"wp-block-themeisle-blocks-button-6a531a90\" class=\"wp-block-themeisle-blocks-button wp-block-button\"><a href=\"https:\/\/spaciograficohn.com\/sitio2021\/b34cf-contact-us\/\" target=\"_self\" rel=\"noopener noreferrer\" class=\"wp-block-button__link\"><span>Cont\u00e1ctanos<\/span><\/a><\/div>\n<\/div>\n<\/div>\n<\/div><\/div>\n","protected":false},"excerpt":{"rendered":"","protected":false},"author":1,"featured_media":0,"parent":0,"menu_order":0,"comment_status":"closed","ping_status":"closed","template":"page-templates\/template-pagebuilder-full-width.php","meta":{"neve_meta_sidebar":"full-width","neve_meta_container":"contained","neve_meta_enable_content_width":"on","neve_meta_content_width":100,"neve_meta_title_alignment":"","neve_meta_author_avatar":"","neve_post_elements_order":"","neve_meta_disable_header":"","neve_meta_disable_footer":"","neve_meta_disable_title":"on","_themeisle_gutenberg_block_has_review":false,"footnotes":""},"class_list":["post-69","page","type-page","status-publish","hentry"],"post_mailing_queue_ids":[],"_links":{"self":[{"href":"https:\/\/spaciograficohn.com\/sitio2021\/wp-json\/wp\/v2\/pages\/69","targetHints":{"allow":["GET"]}}],"collection":[{"href":"https:\/\/spaciograficohn.com\/sitio2021\/wp-json\/wp\/v2\/pages"}],"about":[{"href":"https:\/\/spaciograficohn.com\/sitio2021\/wp-json\/wp\/v2\/types\/page"}],"author":[{"embeddable":true,"href":"https:\/\/spaciograficohn.com\/sitio2021\/wp-json\/wp\/v2\/users\/1"}],"replies":[{"embeddable":true,"href":"https:\/\/spaciograficohn.com\/sitio2021\/wp-json\/wp\/v2\/comments?post=69"}],"version-history":[{"count":32,"href":"https:\/\/spaciograficohn.com\/sitio2021\/wp-json\/wp\/v2\/pages\/69\/revisions"}],"predecessor-version":[{"id":594,"href":"https:\/\/spaciograficohn.com\/sitio2021\/wp-json\/wp\/v2\/pages\/69\/revisions\/594"}],"wp:attachment":[{"href":"https:\/\/spaciograficohn.com\/sitio2021\/wp-json\/wp\/v2\/media?parent=69"}],"curies":[{"name":"wp","href":"https:\/\/api.w.org\/{rel}","templated":true}]}}